{"id":7592,"date":"2022-01-12T14:54:31","date_gmt":"2022-01-12T13:54:31","guid":{"rendered":"https:\/\/testdranevf.blog.ac-lyon.fr\/wordpress\/?page_id=7592"},"modified":"2022-01-20T19:07:40","modified_gmt":"2022-01-20T18:07:40","slug":"accueil","status":"publish","type":"page","link":"https:\/\/testdranevf.blog.ac-lyon.fr\/wordpress\/accueil\/","title":{"rendered":"Accueil"},"content":{"rendered":"\n<p>Merci de r\u00e9diger votre article ci-dessous, puis de l&rsquo;envoyer en cliquant sur le bouton.<\/p>\n\n\n\n<div class=\"forminator-guttenberg\"><div class=\"forminator-ui forminator-custom-form forminator-custom-form-7597 forminator-design--default  forminator_ajax\" data-forminator-render=\"0\" data-form=\"forminator-module-7597\" data-uid=\"69d386644bee2\"><br\/><\/div><form\n\t\t\t\tid=\"forminator-module-7597\"\n\t\t\t\tclass=\"forminator-ui forminator-custom-form forminator-custom-form-7597 forminator-design--default  forminator_ajax\"\n\t\t\t\tmethod=\"post\"\n\t\t\t\tdata-forminator-render=\"0\"\n\t\t\t\tdata-form-id=\"7597\"\n\t\t\t\tenctype=\"multipart\/form-data\" data-color-option=\"default\" data-design=\"default\" data-grid=\"open\" style=\"display: none;\"\n\t\t\t\tdata-uid=\"69d386644bee2\"\n\t\t\t><div role=\"alert\" aria-live=\"polite\" class=\"forminator-response-message forminator-error\" aria-hidden=\"true\"><\/div><div class=\"forminator-row\"><div id=\"name-1\" class=\"forminator-field-name forminator-col forminator-col-12 \"><div class=\"forminator-row forminator-no-margin\" data-multiple=\"true\"><div class=\"forminator-col forminator-col-md-6\"><div class=\"forminator-field\"><label for=\"forminator-field-first-name-1_69d386644bee2\" id=\"forminator-field-first-name-1_69d386644bee2-label\" class=\"forminator-label\">Pr\u00e9nom <span class=\"forminator-required\">*<\/span><\/label><input type=\"text\" name=\"name-1-first-name\" placeholder=\"Par exemple\u00a0: Jean\" id=\"forminator-field-first-name-1_69d386644bee2\" class=\"forminator-input\" aria-required=\"true\" data-multi=\"1\" autocomplete=\"given-name\" value=\"\" \/><\/div><\/div><div class=\"forminator-col forminator-col-md-6\"><div class=\"forminator-field\"><label for=\"forminator-field-last-name-1_69d386644bee2\" id=\"forminator-field-last-name-1_69d386644bee2-label\" class=\"forminator-label\">Nom de famille <span class=\"forminator-required\">*<\/span><\/label><input type=\"text\" name=\"name-1-last-name\" placeholder=\"Par exemple\u00a0: Durand\" id=\"forminator-field-last-name-1_69d386644bee2\" class=\"forminator-input\" aria-required=\"true\" data-multi=\"1\" autocomplete=\"family-name\" value=\"\" \/><\/div><\/div><\/div><\/div><\/div><div class=\"forminator-row\"><div id=\"select-1\" class=\"forminator-field-select forminator-col forminator-col-12 \"><div class=\"forminator-field\"><label for=\"forminator-form-7597__field--select-1_69d386644bee2\" id=\"forminator-form-7597__field--select-1_69d386644bee2-label\" class=\"forminator-label\">Classe <span class=\"forminator-required\">*<\/span><\/label><select  id=\"forminator-form-7597__field--select-1_69d386644bee2\" class=\"forminator-select--field forminator-select2 forminator-select2-multiple\" data-required=\"1\" name=\"select-1\" data-default-value=\"\" data-placeholder=\"Choisir la classe\" data-search=\"false\" data-search-placeholder=\"Choisir la classe\" data-checkbox=\"false\" data-allow-clear=\"false\" aria-labelledby=\"forminator-form-7597__field--select-1_69d386644bee2-label\"><option value=\"\"  >Choisir la classe<\/option><option value=\"6e7\"  data-calculation=\"0\">6e7<\/option><option value=\"5e2\"  data-calculation=\"0\">5e2<\/option><\/select><\/div><\/div><\/div><div class=\"forminator-row\"><div id=\"postdata-1\" class=\"forminator-field-postdata forminator-col forminator-col-12 \"><div class=\"forminator-row\"><div class=\"forminator-col forminator-col-12\"><div class=\"forminator-field\"><label for=\"forminator-field-post-title-postdata-1_69d386644bee2\" id=\"forminator-field-post-title-postdata-1_69d386644bee2-label\" class=\"forminator-label\">Titre de l&#039;article <span class=\"forminator-required\">*<\/span><\/label><input type=\"text\" name=\"postdata-1-post-title\" placeholder=\"\" id=\"forminator-field-post-title-postdata-1_69d386644bee2\" class=\"forminator-input\" required=\"1\" value=\"\" \/><\/div><\/div><\/div><div class=\"forminator-row\"><div class=\"forminator-col forminator-col-12\"><div class=\"forminator-field\"><div class=\"forminator-field--label\"><label for=\"forminator-wp-editor-forminator-field-post-content-postdata-1_69d386644bee2\" id=\"forminator-label-forminator-field-post-content-postdata-1_69d386644bee2\" class=\"forminator-label\">Contenu de l&#039;article <span class=\"forminator-required\">*<\/span><\/label><\/div><div id=\"wp-forminator-wp-editor-forminator-field-post-content-postdata-1_69d386644bee2-wrap\" class=\"wp-core-ui wp-editor-wrap tmce-active\"><link rel='stylesheet' id='dashicons-css' href='https:\/\/testdranevf.blog.ac-lyon.fr\/wordpress\/wp-includes\/css\/dashicons.min.css?ver=8cead08849f0877ae0eb088830fc453e' type='text\/css' media='all' \/>\n<link rel='stylesheet' id='editor-buttons-css' href='https:\/\/testdranevf.blog.ac-lyon.fr\/wordpress\/wp-includes\/css\/editor.min.css?ver=8cead08849f0877ae0eb088830fc453e' type='text\/css' media='all' \/>\n<div id=\"wp-forminator-wp-editor-forminator-field-post-content-postdata-1_69d386644bee2-editor-tools\" class=\"wp-editor-tools hide-if-no-js\"><div class=\"wp-editor-tabs\"><button type=\"button\" id=\"forminator-wp-editor-forminator-field-post-content-postdata-1_69d386644bee2-tmce\" aria-pressed=\"true\" class=\"wp-switch-editor switch-tmce\" data-wp-editor-id=\"forminator-wp-editor-forminator-field-post-content-postdata-1_69d386644bee2\">Visuel<\/button>\n<button type=\"button\" id=\"forminator-wp-editor-forminator-field-post-content-postdata-1_69d386644bee2-html\" class=\"wp-switch-editor switch-html\" data-wp-editor-id=\"forminator-wp-editor-forminator-field-post-content-postdata-1_69d386644bee2\">Code<\/button>\n<\/div>\n<\/div>\n<div id=\"wp-forminator-wp-editor-forminator-field-post-content-postdata-1_69d386644bee2-editor-container\" class=\"wp-editor-container\"><div id=\"qt_forminator-wp-editor-forminator-field-post-content-postdata-1_69d386644bee2_toolbar\" class=\"quicktags-toolbar hide-if-no-js\"><\/div><textarea class=\"forminator-textarea do-validate forminator-wp-editor-required wp-editor-area\" style=\"height: 140px\" autocomplete=\"off\" cols=\"40\" name=\"postdata-1-post-content\" id=\"forminator-wp-editor-forminator-field-post-content-postdata-1_69d386644bee2\"><\/textarea><\/div>\n<\/div>\n\n<\/div><\/div><\/div><div class=\"forminator-row\"><div class=\"forminator-col forminator-col-12\"><div class=\"forminator-field\"><label for=\"forminator-field-post-image-postdata-1_69d386644bee2\" id=\"forminator-field-post-image-postdata-1_69d386644bee2-label\" class=\"forminator-label\">Image mise en avant <span class=\"forminator-required\">*<\/span><\/label><div class=\"forminator-file-upload \" data-element=\"post-image-postdata-1_69d386644bee2\"><input type=\"file\" name=\"postdata-1-post-image\" id=\"forminator-field-post-image-postdata-1_69d386644bee2\" class=\"forminator-input-file-required do-validate\" accept=\".jpg,.jpeg,.jpe,.gif,.png,.bmp\" tabindex=\"-1\"><button id=\"forminator-field-post-image-postdata-1_69d386644bee2_button\" class=\"forminator-button forminator-button-upload\" data-id=\"forminator-field-post-image-postdata-1_69d386644bee2\">Choisissez un fichier<\/button><span data-empty-text=\"Aucun fichier s\u00e9lectionn\u00e9\">Aucun fichier s\u00e9lectionn\u00e9<\/span><button class=\"forminator-button-delete\" style=\"display: none;\"><i class=\"forminator-icon-close\" aria-hidden=\"true\"><\/i><span class=\"forminator-screen-reader-only\">Supprimer le fichier t\u00e9l\u00e9vers\u00e9<\/span><\/button><\/div><\/div><\/div><\/div><div class=\"forminator-row\"><div class=\"forminator-col forminator-col-12\"><div class=\"forminator-field\"><label for=\"forminator-field-category-postdata-1_69d386644bee2\" id=\"forminator-field-category-postdata-1_69d386644bee2-label\" class=\"forminator-label\">Cat\u00e9gorie <span class=\"forminator-required\">*<\/span><\/label><select type=\"select\" name=\"postdata-1-category\" placeholder=\"\" id=\"forminator-field-category-postdata-1_69d386644bee2\" class=\"forminator-select2\" required=\"1\" aria-labelledby=\"forminator-field-category-postdata-1_69d386644bee2-label\" data-default-value=\"\"><option value=\"11\" >2020-2021<\/option><option value=\"17\" >Actualit\u00e9s<\/option><option value=\"18\" >Administratif<\/option><option value=\"2\" >Cat\u00e9gorie 1<\/option><option value=\"3\" >Cat\u00e9gorie 2<\/option><option value=\"12\" >Classe 1<\/option><option value=\"13\" >Classe 2<\/option><option value=\"14\" >Classe 3<\/option><option value=\"15\" >Classe 4<\/option><option value=\"16\" >Classe 5<\/option><option value=\"30\" >Classe 6<\/option><option value=\"32\" >Classe 7<\/option><option value=\"8\" >Classe de 6\u00e8me 7<\/option><option value=\"10\" >Encore une cat\u00e9gorie<\/option><option value=\"43\" >Fran\u00e7ais<\/option><option value=\"19\" >Fran\u00e7ais - classe 1<\/option><option value=\"20\" >Fran\u00e7ais - classe 2<\/option><option value=\"21\" >Fran\u00e7ais - classe 3<\/option><option value=\"22\" >Fran\u00e7ais - classe 4<\/option><option value=\"23\" >Fran\u00e7ais - classe 5<\/option><option value=\"31\" >Fran\u00e7ais - classe 6<\/option><option value=\"33\" >Fran\u00e7ais - classe 7<\/option><option value=\"24\" >Math\u00e9matiques - classe 1<\/option><option value=\"25\" >Math\u00e9matiques - classe 2<\/option><option value=\"26\" >Math\u00e9matiques - classe 3<\/option><option value=\"27\" >Math\u00e9matiques - classe 4<\/option><option value=\"28\" >Math\u00e9matiques - classe 5<\/option><option value=\"44\" >Maths<\/option><option value=\"1\" >Non class\u00e9<\/option><option value=\"9\" >Une nouvelle cat\u00e9gorie<\/option><\/select><\/div><\/div><\/div><\/div><\/div><input type=\"hidden\" name=\"referer_url\" value=\"\" \/><script type=\"text\/javascript\" src=\"https:\/\/challenges.cloudflare.com\/turnstile\/v0\/api.js?render=explicit&amp;ver=8cead08849f0877ae0eb088830fc453e\" id=\"cfturnstile-js\"><\/script>\n<style>#cf-turnstile-fmntr-7597 { margin-left: 0px !important; }<\/style>\t\t<div id=\"cf-turnstile-fmntr-7597\"\r\n\t\tclass=\"cf-turnstile\" data-callback=\"turnstileForminatorCallback\"\t\tdata-sitekey=\"0x4AAAAAAAB2ztaNmJ5vLtcP\"\r\n\t\tdata-theme=\"auto\"\r\n\t\tdata-language=\"auto\"\r\n\t\tdata-size=\"\"\r\n\t\tdata-retry=\"auto\" data-retry-interval=\"1000\"\r\n\t\tdata-refresh-expired=\"auto\"\r\n\t\tdata-action=\"forminator-form-7597\"\r\n\t\t\t\tdata-appearance=\"always\"><\/div>\r\n\t\t\t\t<style>.forminator-button-submit { pointer-events: none; opacity: 0.5; }<\/style>\r\n\t\t\t<script>document.addEventListener(\"DOMContentLoaded\", function() { setTimeout(function(){ var e=document.getElementById(\"cf-turnstile-fmntr-7597\"); e&&!e.innerHTML.trim()&&(turnstile.remove(\"#cf-turnstile-fmntr-7597\"), turnstile.render(\"#cf-turnstile-fmntr-7597\", {sitekey:\"0x4AAAAAAAB2ztaNmJ5vLtcP\"})); }, 100); });<\/script>\r\n\t\t\t<br class=\"cf-turnstile-br cf-turnstile-br-fmntr-7597\">\r\n\t\t\t\t<style>#cf-turnstile-fmntr-7597 { margin-left: -15px; }<\/style>\r\n\t\t                        <script>\r\n            \/\/ On ajax.complete run turnstile.render if element is empty\r\n            jQuery(document).ajaxComplete(function() {\r\n                setTimeout(function() {\r\n                    if (document.getElementById('cf-turnstile-fmntr-7597')) {\r\n                        if(!document.getElementById('cf-turnstile-fmntr-7597').innerHTML.trim()) {\r\n                                turnstile.remove('#cf-turnstile-fmntr-7597');\r\n                                turnstile.render('#cf-turnstile-fmntr-7597');\r\n                        }\r\n                    }\r\n                }, 1000);\r\n            });\r\n            \/\/ Enable Submit Button Function\r\n            function turnstileForminatorCallback() {\r\n                document.querySelectorAll('.forminator-button, .forminator-button-submit').forEach(function(el) {\r\n                    el.style.pointerEvents = 'auto';\r\n                    el.style.opacity = '1';\r\n                });\r\n            }\r\n            \/\/ On submit re-render\r\n            jQuery(document).ready(function() {\r\n                jQuery('.forminator-custom-form').on('submit', function() {\r\n                    if(document.getElementById('cf-turnstile-fmntr-7597')) {\r\n                        setTimeout(function() {\r\n                            turnstile.remove('#cf-turnstile-fmntr-7597');\r\n                            turnstile.render('#cf-turnstile-fmntr-7597');\r\n                        }, 1000);\r\n                    }\r\n                });\r\n            });\r\n            <\/script>\r\n                        <div class=\"forminator-row forminator-row-last\"><div class=\"forminator-col\"><div class=\"forminator-field\"><button class=\"forminator-button forminator-button-submit\">Cr&eacute;er une publication<\/button><\/div><\/div><\/div><input type=\"hidden\" id=\"forminator_nonce\" name=\"forminator_nonce\" value=\"61ac2d7ece\" \/><input type=\"hidden\" name=\"_wp_http_referer\" value=\"\/wordpress\/wp-json\/wp\/v2\/pages\/7592\" \/><input type=\"hidden\" name=\"form_id\" value=\"7597\"><input type=\"hidden\" name=\"page_id\" value=\"7592\"><input type=\"hidden\" name=\"form_type\" value=\"default\"><input type=\"hidden\" name=\"current_url\" value=\"https:\/\/testdranevf.blog.ac-lyon.fr\/wordpress\/accueil\/\"><input type=\"hidden\" name=\"render_id\" value=\"0\"><input type=\"hidden\" name=\"action\" value=\"forminator_submit_form_custom-forms\"><\/form><\/div>\n","protected":false},"excerpt":{"rendered":"<p>Merci de r\u00e9diger votre article ci-dessous, puis de l&rsquo;envoyer en cliquant sur le bouton.<\/p>\n","protected":false},"author":5,"featured_media":7465,"parent":0,"menu_order":0,"comment_status":"closed","ping_status":"closed","template":"","meta":{"xn-wppe-expiration":[],"xn-wppe-expiration-action":[],"xn-wppe-expiration-prefix":[],"footnotes":""},"ppma_author":[41],"class_list":["post-7592","page","type-page","status-publish","has-post-thumbnail","hentry","comments-off"],"post_mailing_queue_ids":[],"_links":{"self":[{"href":"https:\/\/testdranevf.blog.ac-lyon.fr\/wordpress\/wp-json\/wp\/v2\/pages\/7592","targetHints":{"allow":["GET"]}}],"collection":[{"href":"https:\/\/testdranevf.blog.ac-lyon.fr\/wordpress\/wp-json\/wp\/v2\/pages"}],"about":[{"href":"https:\/\/testdranevf.blog.ac-lyon.fr\/wordpress\/wp-json\/wp\/v2\/types\/page"}],"author":[{"embeddable":true,"href":"https:\/\/testdranevf.blog.ac-lyon.fr\/wordpress\/wp-json\/wp\/v2\/users\/5"}],"replies":[{"embeddable":true,"href":"https:\/\/testdranevf.blog.ac-lyon.fr\/wordpress\/wp-json\/wp\/v2\/comments?post=7592"}],"version-history":[{"count":4,"href":"https:\/\/testdranevf.blog.ac-lyon.fr\/wordpress\/wp-json\/wp\/v2\/pages\/7592\/revisions"}],"predecessor-version":[{"id":7604,"href":"https:\/\/testdranevf.blog.ac-lyon.fr\/wordpress\/wp-json\/wp\/v2\/pages\/7592\/revisions\/7604"}],"wp:featuredmedia":[{"embeddable":true,"href":"https:\/\/testdranevf.blog.ac-lyon.fr\/wordpress\/wp-json\/wp\/v2\/media\/7465"}],"wp:attachment":[{"href":"https:\/\/testdranevf.blog.ac-lyon.fr\/wordpress\/wp-json\/wp\/v2\/media?parent=7592"}],"wp:term":[{"taxonomy":"author","embeddable":true,"href":"https:\/\/testdranevf.blog.ac-lyon.fr\/wordpress\/wp-json\/wp\/v2\/ppma_author?post=7592"}],"curies":[{"name":"wp","href":"https:\/\/api.w.org\/{rel}","templated":true}]}}